{"id":43,"date":"2023-01-07T12:29:43","date_gmt":"2023-01-07T15:29:43","guid":{"rendered":"http:\/\/institutoulyssesguimaraes.com.br\/cursos\/?page_id=43"},"modified":"2026-04-12T18:01:03","modified_gmt":"2026-04-12T21:01:03","slug":"cursos","status":"publish","type":"page","link":"https:\/\/institutoulyssesguimaraes.com.br\/cursos\/","title":{"rendered":"Instituto"},"content":{"rendered":"\n<div class=\"wp-block-cover alignfull\" style=\"min-height:100vh;aspect-ratio:unset;\"><img fetchpriority=\"high\" decoding=\"async\" width=\"1536\" height=\"418\" class=\"wp-block-cover__image-background wp-image-60\" alt=\"\" src=\"http:\/\/institutoulyssesguimaraes.com.br\/cursos\/wp-content\/uploads\/2023\/01\/banner@300x-100-1536x418-1.jpg\" data-object-fit=\"cover\" srcset=\"https:\/\/institutoulyssesguimaraes.com.br\/cursos\/wp-content\/uploads\/2023\/01\/banner@300x-100-1536x418-1.jpg 1536w, https:\/\/institutoulyssesguimaraes.com.br\/cursos\/wp-content\/uploads\/2023\/01\/banner@300x-100-1536x418-1-300x82.jpg 300w, https:\/\/institutoulyssesguimaraes.com.br\/cursos\/wp-content\/uploads\/2023\/01\/banner@300x-100-1536x418-1-1024x279.jpg 1024w, https:\/\/institutoulyssesguimaraes.com.br\/cursos\/wp-content\/uploads\/2023\/01\/banner@300x-100-1536x418-1-768x209.jpg 768w\" sizes=\"(max-width: 1536px) 100vw, 1536px\" \/><span aria-hidden=\"true\" class=\"wp-block-cover__background has-background-dim\"><\/span><div class=\"wp-block-cover__inner-container is-layout-flow wp-block-cover-is-layout-flow\">\n<h2 class=\"wp-block-heading\">Capacita\u00e7\u00e3o e treinamentos<\/h2>\n\n\n\n<h3 class=\"wp-block-heading\"><strong>Publico alvo:<\/strong><\/h3>\n\n\n\n<h3 class=\"wp-block-heading\">Servidores do Executivo e Legislativo, Prefeitos, Vice-Prefeitos, Vereadores e Assessores.<\/h3>\n\n\n\n<div class=\"wp-block-buttons is-layout-flex wp-block-buttons-is-layout-flex\">\n<div class=\"wp-block-button is-style-primary\"><a class=\"wp-block-button__link wp-element-button\" href=\"#cursos\" style=\"border-radius:21px\">Cursos<\/a><\/div>\n<\/div>\n<\/div><\/div>\n\n\n\n<hr class=\"wp-block-separator alignfull has-text-color has-neve-link-color-color has-alpha-channel-opacity has-neve-link-color-background-color has-background is-style-wide\"\/>\n\n\n\n<div class=\"wp-block-columns alignfull are-vertically-aligned-center has-nv-light-bg-background-color has-background has-small-font-size is-layout-flex wp-container-core-columns-is-layout-9d6595d7 wp-block-columns-is-layout-flex\" id=\"sobre\">\n<div class=\"wp-block-column is-layout-flow wp-block-column-is-layout-flow\" style=\"flex-basis:30px\"><\/div>\n\n\n\n<div class=\"wp-block-column is-vertically-aligned-center is-layout-flow wp-block-column-is-layout-flow\">\n<h3 class=\"wp-block-heading\" id=\"sobre-nos\"><br><mark><strong>Sobre N\u00f3s<\/strong><\/mark><\/h3>\n\n\n\n<p>O Instituto Ulysses Guimar\u00e3es, \u00e9 uma empresa que tem por objetivo promover a capacita\u00e7\u00e3o de Agentes Pol\u00edticos, Gestores P\u00fabicos e Servidores P\u00fablicos, instruindo sobre os fatos mais relevantes e conhecimentos atrav\u00e9s do Poder Legislativo e Executivo.<br><br>Qualificamos os Agentes Pol\u00edticos e Servidores P\u00fablicos de cada regi\u00e3o para que os mesmos possam adquirir os conhecimentos e integrar a sociedade com o Poder Executivo e Legislativo com transpar\u00eancia e seriedade de forma com que cada regi\u00e3o cres\u00e7a com responsabilidade.<\/p>\n<\/div>\n\n\n\n<div class=\"wp-block-column is-vertically-aligned-center is-layout-flow wp-block-column-is-layout-flow\"><div class=\"wp-block-image\">\n<figure class=\"alignright size-full\"><img decoding=\"async\" width=\"605\" height=\"580\" src=\"http:\/\/institutoulyssesguimaraes.com.br\/cursos\/wp-content\/uploads\/2023\/01\/Prancheta-1.png\" alt=\"\" class=\"wp-image-100\" srcset=\"https:\/\/institutoulyssesguimaraes.com.br\/cursos\/wp-content\/uploads\/2023\/01\/Prancheta-1.png 605w, https:\/\/institutoulyssesguimaraes.com.br\/cursos\/wp-content\/uploads\/2023\/01\/Prancheta-1-300x288.png 300w\" sizes=\"(max-width: 605px) 100vw, 605px\" \/><\/figure>\n<\/div><\/div>\n<\/div>\n\n\n\n<div class=\"wp-block-cover alignfull is-light has-medium-font-size\" id=\"documentos\"><img decoding=\"async\" width=\"944\" height=\"1024\" class=\"wp-block-cover__image-background wp-image-109\" alt=\"\" src=\"http:\/\/institutoulyssesguimaraes.com.br\/cursos\/wp-content\/uploads\/2023\/01\/img2@300x-1-944x1024-1.png\" style=\"object-position:0% 0%\" data-object-fit=\"cover\" data-object-position=\"0% 0%\" srcset=\"https:\/\/institutoulyssesguimaraes.com.br\/cursos\/wp-content\/uploads\/2023\/01\/img2@300x-1-944x1024-1.png 944w, https:\/\/institutoulyssesguimaraes.com.br\/cursos\/wp-content\/uploads\/2023\/01\/img2@300x-1-944x1024-1-277x300.png 277w, https:\/\/institutoulyssesguimaraes.com.br\/cursos\/wp-content\/uploads\/2023\/01\/img2@300x-1-944x1024-1-768x833.png 768w\" sizes=\"(max-width: 944px) 100vw, 944px\" \/><span aria-hidden=\"true\" class=\"wp-block-cover__background has-background-dim-0 has-background-dim\"><\/span><div class=\"wp-block-cover__inner-container is-layout-flow wp-block-cover-is-layout-flow\">\n<div class=\"wp-block-columns is-layout-flex wp-container-core-columns-is-layout-9d6595d7 wp-block-columns-is-layout-flex\">\n<div class=\"wp-block-column is-vertically-aligned-bottom is-layout-flow wp-block-column-is-layout-flow\">\n<h2 class=\"wp-block-heading has-text-align-center has-neve-link-color-color has-text-color\"><strong>Setor de transpar\u00eancia<\/strong><br><br><br><\/h2>\n\n\n\n<h3 class=\"wp-block-heading has-text-align-center\">Conte\u00fados para Downloads<\/h3>\n\n\n\n<p class=\"has-text-align-center\">Segue nossos documentos p\u00fablicos para aprecia\u00e7\u00e3o de autenticidade<\/p>\n<\/div>\n<\/div>\n<\/div><\/div>\n\n\n\n<div class=\"wp-block-columns alignfull has-background is-layout-flex wp-container-core-columns-is-layout-9d6595d7 wp-block-columns-is-layout-flex\" style=\"background-color:#ff8302\">\n<div class=\"wp-block-column is-vertically-aligned-top is-layout-flow wp-block-column-is-layout-flow\">\n<div class=\"wp-block-columns alignwide are-vertically-aligned-top is-layout-flex wp-container-core-columns-is-layout-9d6595d7 wp-block-columns-is-layout-flex\">\n<div class=\"wp-block-column is-layout-flow wp-block-column-is-layout-flow\" style=\"flex-basis:30px\"><\/div>\n\n\n\n<div class=\"wp-block-column is-vertically-aligned-top is-layout-flow wp-block-column-is-layout-flow\">\n<div data-wp-interactive=\"core\/file\" class=\"wp-block-file\"><object data-wp-bind--hidden=\"!state.hasPdfPreview\" hidden class=\"wp-block-file__embed\" data=\"http:\/\/institutoulyssesguimaraes.com.br\/cursos\/wp-content\/uploads\/2025\/12\/certidao-GDF-n.pdf\" type=\"application\/pdf\" style=\"width:100%;height:600px\" aria-label=\"Embed of certid\u00e3o GDF n.\"><\/object><a id=\"wp-block-file--media-975a3caf-351c-4123-bcd0-d8834b77f7ed\" href=\"http:\/\/institutoulyssesguimaraes.com.br\/cursos\/wp-content\/uploads\/2025\/12\/certidao-GDF-n.pdf\">certid\u00e3o GDF n<\/a><a href=\"http:\/\/institutoulyssesguimaraes.com.br\/cursos\/wp-content\/uploads\/2025\/12\/certidao-GDF-n.pdf\" class=\"wp-block-file__button wp-element-button\" download aria-describedby=\"wp-block-file--media-975a3caf-351c-4123-bcd0-d8834b77f7ed\">Baixar<\/a><\/div>\n<\/div>\n\n\n\n<div class=\"wp-block-column is-vertically-aligned-top is-layout-flow wp-block-column-is-layout-flow\">\n<div data-wp-interactive=\"core\/file\" class=\"wp-block-file\"><object data-wp-bind--hidden=\"!state.hasPdfPreview\" hidden class=\"wp-block-file__embed\" data=\"http:\/\/institutoulyssesguimaraes.com.br\/cursos\/wp-content\/uploads\/2025\/12\/certidao_40033708000163-17.pdf\" type=\"application\/pdf\" style=\"width:100%;height:600px\" aria-label=\"Embed of certidao_40033708000163 (17).\"><\/object><a id=\"wp-block-file--media-6f793cb8-d9a4-4d7d-9fbe-1b37b10c335c\" href=\"http:\/\/institutoulyssesguimaraes.com.br\/cursos\/wp-content\/uploads\/2025\/12\/certidao_40033708000163-17.pdf\">certidao_40033708000163 (17)<\/a><a href=\"http:\/\/institutoulyssesguimaraes.com.br\/cursos\/wp-content\/uploads\/2025\/12\/certidao_40033708000163-17.pdf\" class=\"wp-block-file__button wp-element-button\" download aria-describedby=\"wp-block-file--media-6f793cb8-d9a4-4d7d-9fbe-1b37b10c335c\">Baixar<\/a><\/div>\n<\/div>\n\n\n\n<div class=\"wp-block-column is-layout-flow wp-block-column-is-layout-flow\" style=\"flex-basis:30px\"><\/div>\n<\/div>\n\n\n\n<div class=\"wp-block-columns alignwide are-vertically-aligned-top is-layout-flex wp-container-core-columns-is-layout-9d6595d7 wp-block-columns-is-layout-flex\">\n<div class=\"wp-block-column is-layout-flow wp-block-column-is-layout-flow\" style=\"flex-basis:30px\"><\/div>\n\n\n\n<div class=\"wp-block-column is-vertically-aligned-top is-layout-flow wp-block-column-is-layout-flow\">\n<div data-wp-interactive=\"core\/file\" class=\"wp-block-file\"><object data-wp-bind--hidden=\"!state.hasPdfPreview\" hidden class=\"wp-block-file__embed\" data=\"http:\/\/institutoulyssesguimaraes.com.br\/cursos\/wp-content\/uploads\/2025\/12\/certidao-nv-rf-3.pdf\" type=\"application\/pdf\" style=\"width:100%;height:600px\" aria-label=\"Embed of certid\u00e3o nv rf (3).\"><\/object><a id=\"wp-block-file--media-1451aaba-b74e-49b9-98cd-7f407cb6ab0b\" href=\"http:\/\/institutoulyssesguimaraes.com.br\/cursos\/wp-content\/uploads\/2025\/12\/certidao-nv-rf-3.pdf\">certid\u00e3o nv rf (3)<\/a><a href=\"http:\/\/institutoulyssesguimaraes.com.br\/cursos\/wp-content\/uploads\/2025\/12\/certidao-nv-rf-3.pdf\" class=\"wp-block-file__button wp-element-button\" download aria-describedby=\"wp-block-file--media-1451aaba-b74e-49b9-98cd-7f407cb6ab0b\">Baixar<\/a><\/div>\n<\/div>\n\n\n\n<div class=\"wp-block-column is-vertically-aligned-top is-layout-flow wp-block-column-is-layout-flow\">\n<div data-wp-interactive=\"core\/file\" class=\"wp-block-file\"><object data-wp-bind--hidden=\"!state.hasPdfPreview\" hidden class=\"wp-block-file__embed\" data=\"http:\/\/institutoulyssesguimaraes.com.br\/cursos\/wp-content\/uploads\/2025\/12\/Consulta-Regularidade-do-Empregador.pdf\" type=\"application\/pdf\" style=\"width:100%;height:600px\" aria-label=\"Embed of Consulta Regularidade do Empregador.\"><\/object><a id=\"wp-block-file--media-f9dfc9c2-3f97-4d70-accf-ef4c0afcf7ab\" href=\"http:\/\/institutoulyssesguimaraes.com.br\/cursos\/wp-content\/uploads\/2025\/12\/Consulta-Regularidade-do-Empregador.pdf\">Consulta Regularidade do Empregador<\/a><a href=\"http:\/\/institutoulyssesguimaraes.com.br\/cursos\/wp-content\/uploads\/2025\/12\/Consulta-Regularidade-do-Empregador.pdf\" class=\"wp-block-file__button wp-element-button\" download aria-describedby=\"wp-block-file--media-f9dfc9c2-3f97-4d70-accf-ef4c0afcf7ab\">Baixar<\/a><\/div>\n<\/div>\n\n\n\n<div class=\"wp-block-column is-layout-flow wp-block-column-is-layout-flow\" style=\"flex-basis:30px\"><\/div>\n<\/div>\n<\/div>\n<\/div>\n\n\n\n<div class=\"wp-block-columns alignfull is-layout-flex wp-container-core-columns-is-layout-9d6595d7 wp-block-columns-is-layout-flex\">\n<div class=\"wp-block-column is-layout-flow wp-block-column-is-layout-flow\" style=\"flex-basis:30px\"><\/div>\n\n\n\n<div class=\"wp-block-column is-vertically-aligned-center is-layout-flow wp-block-column-is-layout-flow\">\n<h2 class=\"wp-block-heading\" id=\"cursos\">Cursos<\/h2>\n\n\n\n<p>Confira nossa programa\u00e7\u00e3o: <\/p>\n<\/div>\n\n\n\n<div class=\"wp-block-column is-layout-flow wp-block-column-is-layout-flow\" style=\"flex-basis:30px\"><\/div>\n<\/div>\n\n\n\n<div class=\"wp-block-columns is-layout-flex wp-container-core-columns-is-layout-9d6595d7 wp-block-columns-is-layout-flex\">\n<div class=\"wp-block-column is-layout-flow wp-block-column-is-layout-flow\">\n<p>BRAS\u00cdLIA \u2013 D.F<br><strong>43\u00ba CONGRESSO DE GEST\u00c3O P\u00daBLICA<\/strong><br>de 07 a 10 de ABRIL de 2026<\/p>\n\n\n\n<div data-wp-interactive=\"core\/file\" class=\"wp-block-file\"><object data-wp-bind--hidden=\"!state.hasPdfPreview\" hidden class=\"wp-block-file__embed\" data=\"https:\/\/institutoulyssesguimaraes.com.br\/cursos\/wp-content\/uploads\/2026\/04\/Folder-Brasilia-07-a-10-04.pdf\" type=\"application\/pdf\" style=\"width:100%;height:600px\" aria-label=\"Embed of Folder Bras\u00edlia 07 a 10-04.\"><\/object><a id=\"wp-block-file--media-e3d0b5ee-c97b-46d8-be94-98d08c51e6fc\" href=\"https:\/\/institutoulyssesguimaraes.com.br\/cursos\/wp-content\/uploads\/2026\/04\/Folder-Brasilia-07-a-10-04.pdf\">Folder Bras\u00edlia 07 a 10-04<\/a><a href=\"https:\/\/institutoulyssesguimaraes.com.br\/cursos\/wp-content\/uploads\/2026\/04\/Folder-Brasilia-07-a-10-04.pdf\" class=\"wp-block-file__button wp-element-button\" download aria-describedby=\"wp-block-file--media-e3d0b5ee-c97b-46d8-be94-98d08c51e6fc\">Baixar<\/a><\/div>\n<\/div>\n\n\n\n<div class=\"wp-block-column is-layout-flow wp-block-column-is-layout-flow\">\n<p>BRAS\u00cdLIA \u2013 D.F<br><strong>32\u00ba SIMP\u00d3SIO DE GEST\u00c3O P\u00daBLICA<\/strong><br>de 14 a 17 de ABRIL de 2026<\/p>\n\n\n\n<div data-wp-interactive=\"core\/file\" class=\"wp-block-file\"><object data-wp-bind--hidden=\"!state.hasPdfPreview\" hidden class=\"wp-block-file__embed\" data=\"https:\/\/institutoulyssesguimaraes.com.br\/cursos\/wp-content\/uploads\/2026\/04\/Folder-Brasilia-14-a-17-04.pdf\" type=\"application\/pdf\" style=\"width:100%;height:600px\" aria-label=\"Embed of Folder Bras\u00edlia 14 a 17-04.\"><\/object><a id=\"wp-block-file--media-2b7497c6-3df4-4411-b4c4-59af881666ee\" href=\"https:\/\/institutoulyssesguimaraes.com.br\/cursos\/wp-content\/uploads\/2026\/04\/Folder-Brasilia-14-a-17-04.pdf\">Folder Bras\u00edlia 14 a 17-04<\/a><a href=\"https:\/\/institutoulyssesguimaraes.com.br\/cursos\/wp-content\/uploads\/2026\/04\/Folder-Brasilia-14-a-17-04.pdf\" class=\"wp-block-file__button wp-element-button\" download aria-describedby=\"wp-block-file--media-2b7497c6-3df4-4411-b4c4-59af881666ee\">Baixar<\/a><\/div>\n<\/div>\n<\/div>\n\n\n\n<div class=\"wp-block-columns is-layout-flex wp-container-core-columns-is-layout-9d6595d7 wp-block-columns-is-layout-flex\">\n<div class=\"wp-block-column is-layout-flow wp-block-column-is-layout-flow\">\n<div class=\"wp-block-columns is-layout-flex wp-container-core-columns-is-layout-9d6595d7 wp-block-columns-is-layout-flex\">\n<div class=\"wp-block-column is-layout-flow wp-block-column-is-layout-flow\" style=\"flex-basis:50%\">\n<p>BRAS\u00cdLIA \u2013 D.F<br><strong>30\u00ba F\u00d3RUM DE GEST\u00c3O P\u00daBLICA<\/strong><br>de 21 a 24 de ABRIL de 2026<\/p>\n\n\n\n<div data-wp-interactive=\"core\/file\" class=\"wp-block-file\"><object data-wp-bind--hidden=\"!state.hasPdfPreview\" hidden class=\"wp-block-file__embed\" data=\"https:\/\/institutoulyssesguimaraes.com.br\/cursos\/wp-content\/uploads\/2026\/04\/Folder-Brasilia-21-a-24-04.pdf\" type=\"application\/pdf\" style=\"width:100%;height:600px\" aria-label=\"Embed of Folder Bras\u00edlia 21 a 24-04.\"><\/object><a id=\"wp-block-file--media-a8602298-45f6-4dbf-a455-0dcb55552472\" href=\"https:\/\/institutoulyssesguimaraes.com.br\/cursos\/wp-content\/uploads\/2026\/04\/Folder-Brasilia-21-a-24-04.pdf\">Folder Bras\u00edlia 21 a 24-04<\/a><a href=\"https:\/\/institutoulyssesguimaraes.com.br\/cursos\/wp-content\/uploads\/2026\/04\/Folder-Brasilia-21-a-24-04.pdf\" class=\"wp-block-file__button wp-element-button\" download aria-describedby=\"wp-block-file--media-a8602298-45f6-4dbf-a455-0dcb55552472\">Baixar<\/a><\/div>\n<\/div>\n\n\n\n<div class=\"wp-block-column is-layout-flow wp-block-column-is-layout-flow\" style=\"flex-basis:50%\">\n<p>BRAS\u00cdLIA \u2013 D.F<br><strong>44\u00ba CONGRESSO DE GEST\u00c3O P\u00daBLICA<\/strong><br>de 05 a 08 de MAIO de 2026<\/p>\n\n\n\n<div data-wp-interactive=\"core\/file\" class=\"wp-block-file\"><object data-wp-bind--hidden=\"!state.hasPdfPreview\" hidden class=\"wp-block-file__embed\" data=\"https:\/\/institutoulyssesguimaraes.com.br\/cursos\/wp-content\/uploads\/2026\/04\/Folder-Brasilia-05-a-08-05-1.pdf\" type=\"application\/pdf\" style=\"width:100%;height:600px\" aria-label=\"Embed of Folder Bras\u00edlia 05 a 08-05.\"><\/object><a id=\"wp-block-file--media-50ef7d60-fb01-4b5b-a419-976fe84b5c22\" href=\"https:\/\/institutoulyssesguimaraes.com.br\/cursos\/wp-content\/uploads\/2026\/04\/Folder-Brasilia-05-a-08-05-1.pdf\">Folder Bras\u00edlia 05 a 08-05<\/a><a href=\"https:\/\/institutoulyssesguimaraes.com.br\/cursos\/wp-content\/uploads\/2026\/04\/Folder-Brasilia-05-a-08-05-1.pdf\" class=\"wp-block-file__button wp-element-button\" download aria-describedby=\"wp-block-file--media-50ef7d60-fb01-4b5b-a419-976fe84b5c22\">Baixar<\/a><\/div>\n<\/div>\n<\/div>\n<\/div>\n<\/div>\n\n\n\n<hr class=\"wp-block-separator alignfull has-text-color has-neve-link-color-color has-alpha-channel-opacity has-neve-link-color-background-color has-background is-style-wide\"\/>\n\n\n\n<h4 class=\"wp-block-heading\" id=\"contato\"><strong>Alguma d\u00favida? Entre em contato conosco.<\/strong><\/h4>\n\n\n\n<div class=\"wp-block-columns is-layout-flex wp-container-core-columns-is-layout-9d6595d7 wp-block-columns-is-layout-flex\">\n<div class=\"wp-block-column is-layout-flow wp-block-column-is-layout-flow\"><\/div>\n\n\n\n<div class=\"wp-block-column is-layout-flow wp-block-column-is-layout-flow\">\n<div class=\"wp-block-buttons alignfull is-content-justification-space-between is-layout-flex wp-container-core-buttons-is-layout-3d213aab wp-block-buttons-is-layout-flex\">\n<div class=\"wp-block-button has-custom-width wp-block-button__width-100 is-style-primary\"><a class=\"wp-block-button__link wp-element-button\" href=\"https:\/\/wa.me\/5561986545280\" target=\"_blank\" rel=\"noreferrer noopener\">Clique para enviar uma mensagem no Whatzapp<\/a><\/div>\n<\/div>\n<\/div>\n\n\n\n<div class=\"wp-block-column is-layout-flow wp-block-column-is-layout-flow\"><\/div>\n<\/div>\n\n\n\n<div class=\"wp-block-columns is-layout-flex wp-container-core-columns-is-layout-9d6595d7 wp-block-columns-is-layout-flex\">\n<div class=\"wp-block-column is-layout-flow wp-block-column-is-layout-flow\"><div class=\"wp-block-image\">\n<figure class=\"aligncenter\"><img decoding=\"async\" src=\"http:\/\/institutoulyssesguimaraes.com.br\/wp-content\/uploads\/2021\/08\/end-8.png\" alt=\"\" class=\"wp-image-437\"\/><\/figure>\n<\/div>\n\n\n<h5 class=\"wp-block-heading has-text-align-center has-neve-link-color-color has-text-color\" id=\"rua-q-sde-quadra-01-conjunto-e-lote-n-04-complemento-apt-102-parte-c-cep-72-145-105-bairro-distrito-setor-de-desenvolvimento-economico-taguatinga-brasilia-df\"><strong>Rua: Q SDE QUADRA 01 CONJUNTO E LOTE, N\u00b004<br><br>COMPLEMENTO: APT 102 PARTE C<br><br>CEP:72.145-105<br><br>BAIRRO\/DISTRITO: SETOR DE DESENVOLVIMENTO ECONOMICO (TAGUATINGA)<br><br>BRASILIA- DF<\/strong><\/h5>\n\n\n<div class=\"wp-block-image\">\n<figure class=\"aligncenter\"><img decoding=\"async\" src=\"http:\/\/institutoulyssesguimaraes.com.br\/wp-content\/uploads\/2021\/08\/tel-8.png\" alt=\"\" class=\"wp-image-440\"\/><\/figure>\n<\/div>\n\n\n<h5 class=\"wp-block-heading has-text-align-center has-neve-link-color-color has-text-color\" id=\"61-98654-5280\"><strong>(61) 98654-5280<\/strong><\/h5>\n<\/div>\n<\/div>\n\n\n\n<p class=\"has-text-align-center\"><strong><a href=\"mailto:contato@institutoulyssesguimaraes.com.br\" target=\"_blank\" rel=\"noreferrer noopener\">contato@institutoulyssesguimaraes.com.br<\/a><\/strong><\/p>\n","protected":false},"excerpt":{"rendered":"<p>Sobre N\u00f3s O Instituto Ulysses Guimar\u00e3es, \u00e9 uma empresa que tem por objetivo promover a capacita\u00e7\u00e3o de Agentes Pol\u00edticos, Gestores P\u00fabicos e Servidores P\u00fablicos, instruindo sobre os fatos mais relevantes e conhecimentos atrav\u00e9s do Poder Legislativo e Executivo. Qualificamos os Agentes Pol\u00edticos e Servidores P\u00fablicos de cada regi\u00e3o para que os mesmos possam adquirir os&hellip;&nbsp;<a href=\"https:\/\/institutoulyssesguimaraes.com.br\/cursos\/\" class=\"\" rel=\"bookmark\">Read More &raquo;<span class=\"screen-reader-text\">Instituto<\/span><\/a><\/p>\n","protected":false},"author":1,"featured_media":0,"parent":0,"menu_order":0,"comment_status":"closed","ping_status":"closed","template":"","meta":{"neve_meta_sidebar":"","neve_meta_container":"","neve_meta_enable_content_width":"on","neve_meta_content_width":100,"neve_meta_title_alignment":"","neve_meta_author_avatar":"","neve_post_elements_order":"","neve_meta_disable_header":"","neve_meta_disable_footer":"","neve_meta_disable_title":"on","footnotes":""},"class_list":["post-43","page","type-page","status-publish","hentry"],"_links":{"self":[{"href":"https:\/\/institutoulyssesguimaraes.com.br\/cursos\/index.php\/wp-json\/wp\/v2\/pages\/43","targetHints":{"allow":["GET"]}}],"collection":[{"href":"https:\/\/institutoulyssesguimaraes.com.br\/cursos\/index.php\/wp-json\/wp\/v2\/pages"}],"about":[{"href":"https:\/\/institutoulyssesguimaraes.com.br\/cursos\/index.php\/wp-json\/wp\/v2\/types\/page"}],"author":[{"embeddable":true,"href":"https:\/\/institutoulyssesguimaraes.com.br\/cursos\/index.php\/wp-json\/wp\/v2\/users\/1"}],"replies":[{"embeddable":true,"href":"https:\/\/institutoulyssesguimaraes.com.br\/cursos\/index.php\/wp-json\/wp\/v2\/comments?post=43"}],"version-history":[{"count":164,"href":"https:\/\/institutoulyssesguimaraes.com.br\/cursos\/index.php\/wp-json\/wp\/v2\/pages\/43\/revisions"}],"predecessor-version":[{"id":538,"href":"https:\/\/institutoulyssesguimaraes.com.br\/cursos\/index.php\/wp-json\/wp\/v2\/pages\/43\/revisions\/538"}],"wp:attachment":[{"href":"https:\/\/institutoulyssesguimaraes.com.br\/cursos\/index.php\/wp-json\/wp\/v2\/media?parent=43"}],"curies":[{"name":"wp","href":"https:\/\/api.w.org\/{rel}","templated":true}]}}